{"id":322,"date":"2025-09-15T20:17:46","date_gmt":"2025-09-15T18:17:46","guid":{"rendered":"https:\/\/vinowacje.eu\/?post_type=product&#038;p=322"},"modified":"2025-10-14T17:47:32","modified_gmt":"2025-10-14T15:47:32","slug":"wloska-uczta-baciare-x-vinowacje-supper-club","status":"publish","type":"product","link":"https:\/\/vinowacje.eu\/?product=wloska-uczta-baciare-x-vinowacje-supper-club","title":{"rendered":"W\u0142oska uczta \u2013 Baciare x Vinowacje Supper Club"},"content":{"rendered":"<div class=\"x14z9mp xat24cr x1lziwak x1vvkbs xtlvy1s\">Baciare x Vinowacje zapraszaj\u0105 na wyj\u0105tkow\u0105 w\u0142osk\u0105 uczt\u0119!<br class=\"html-br\" \/>Przy d\u0142ugim stole, w atmosferze W\u0142och, b\u0119dziemy celebrowa\u0107 jedzenie, wino i wsp\u00f3lne rozmowy.<\/div>\n<div class=\"x14z9mp xat24cr x1lziwak x1vvkbs xtlvy1s\">Menu przygotowane jest w formie sharing plates \u2013 dania podawane na \u015brodek sto\u0142u, aby ka\u017cdy m\u00f3g\u0142 spr\u00f3bowa\u0107 wszystkiego i poczu\u0107 klimat prawdziwej w\u0142oskiej biesiady.<\/div>\n<div class=\"x14z9mp xat24cr x1lziwak x1vvkbs xtlvy1s\"><span class=\"html-span xexx8yu xyri2b x18d9i69 x1c1uobl x1hl2dhg x16tdsg8 x1vvkbs x3nfvp2 x1j61x8r x1fcty0u xdj266r xat24cr xm2jcoa x1mpyi22 xxymvpz xlup9mm x1kky2od\"><br \/>\n<\/span>Na stole pojawi\u0105 si\u0119 m.in.:<br class=\"html-br\" \/>\u2022 klasyczne w\u0142oskie przek\u0105ski w nowoczesnym wydaniu,<br class=\"html-br\" \/>\u2022 makarony w aromatycznych sosach,<br class=\"html-br\" \/>\u2022 syc\u0105ce pieczywo i oliwy smakowe,<br class=\"html-br\" \/>\u2022 a na fina\u0142 \u2013 cytrusowe dolce w stylu s\u0142onecznej Italii.<\/div>\n<div class=\"x14z9mp xat24cr x1lziwak x1vvkbs xtlvy1s\">\n<p>Do tego dobieramy wina, kt\u00f3re podkre\u015bl\u0105 smaki i przenios\u0105 nas do W\u0142oskich winnic.<\/p>\n<p>11.10.2025 (sobota)<br class=\"html-br\" \/><span class=\"html-span xexx8yu xyri2b x18d9i69 x1c1uobl x1hl2dhg x16tdsg8 x1vvkbs x3nfvp2 x1j61x8r x1fcty0u xdj266r xat24cr xm2jcoa x1mpyi22 xxymvpz xlup9mm x1kky2od\"><img loading=\"lazy\" decoding=\"async\" class=\"xz74otr x15mokao x1ga7v0g x16uus16 xbiv7yw\" src=\"https:\/\/static.xx.fbcdn.net\/images\/emoji.php\/v9\/t4d\/2\/16\/1f556.png\" alt=\"\ud83d\udd56\" width=\"16\" height=\"16\" \/><\/span>Godzina: 19:00<br class=\"html-br\" \/>\u00a0Baciare Bistro, Che\u0142mi\u0144ska 18<\/p>\n<\/div>\n<div class=\"x14z9mp xat24cr x1lziwak x1vvkbs xtlvy1s\">\n<div class=\"x14z9mp xat24cr x1lziwak x1vvkbs xtlvy1s\">Cena: 199 z\u0142 \/ osoba<\/div>\n<div class=\"x14z9mp xat24cr x1lziwak x1vvkbs xtlvy1s\">Liczba miejsc jest ograniczona!<\/div>\n<div class=\"x1i10hfl xjbqb8w x1ejq31n x18oe1m7 x1sy0etr xstzfhl x972fbf x10w94by x1qhh985 x14e42zd x9f619 x1ypdohk xt0psk2 x3ct3a4 xdj266r x14z9mp xat24cr x1lziwak xexx8yu xyri2b x18d9i69 x1c1uobl x16tdsg8 x1hl2dhg xggy1nq x1a2a7pz xkrqix3 x1sur9pj xzsf02u x1s688f\" tabindex=\"0\" role=\"button\">Wydarzenie dla os\u00f3b pe\u0142noletnich.<\/div>\n<\/div>\n","protected":false},"excerpt":{"rendered":"<p>Baciare x Vinowacje zapraszaj\u0105 na wyj\u0105tkow\u0105 w\u0142osk\u0105 uczt\u0119!Przy d\u0142ugim stole, w atmosferze W\u0142och, b\u0119dziemy celebrowa\u0107 jedzenie, wino i wsp\u00f3lne rozmowy. Menu przygotowane jest w formie sharing plates \u2013 dania podawane na \u015brodek sto\u0142u, aby ka\u017cdy m\u00f3g\u0142 spr\u00f3bowa\u0107 wszystkiego i poczu\u0107 klimat prawdziwej w\u0142oskiej biesiady. Na stole pojawi\u0105 si\u0119 m.in.:\u2022 klasyczne w\u0142oskie przek\u0105ski w nowoczesnym wydaniu,\u2022<\/p>\n<div class=\"read-more-wrapper\"><a class=\"read-more\" href=\"https:\/\/vinowacje.eu\/?product=wloska-uczta-baciare-x-vinowacje-supper-club\" title=\"Read More\"> <span class=\"button \">Read More<\/span><\/a><\/div>\n","protected":false},"featured_media":331,"comment_status":"open","ping_status":"closed","template":"","meta":[],"product_brand":[],"product_cat":[15],"product_tag":[],"class_list":{"0":"post-322","1":"product","2":"type-product","3":"status-publish","4":"has-post-thumbnail","6":"product_cat-bez-kategorii","8":"first","9":"outofstock","10":"shipping-taxable","11":"purchasable","12":"product-type-simple"},"jetpack_sharing_enabled":true,"_links":{"self":[{"href":"https:\/\/vinowacje.eu\/index.php?rest_route=\/wp\/v2\/product\/322","targetHints":{"allow":["GET"]}}],"collection":[{"href":"https:\/\/vinowacje.eu\/index.php?rest_route=\/wp\/v2\/product"}],"about":[{"href":"https:\/\/vinowacje.eu\/index.php?rest_route=\/wp\/v2\/types\/product"}],"replies":[{"embeddable":true,"href":"https:\/\/vinowacje.eu\/index.php?rest_route=%2Fwp%2Fv2%2Fcomments&post=322"}],"wp:featuredmedia":[{"embeddable":true,"href":"https:\/\/vinowacje.eu\/index.php?rest_route=\/wp\/v2\/media\/331"}],"wp:attachment":[{"href":"https:\/\/vinowacje.eu\/index.php?rest_route=%2Fwp%2Fv2%2Fmedia&parent=322"}],"wp:term":[{"taxonomy":"product_brand","embeddable":true,"href":"https:\/\/vinowacje.eu\/index.php?rest_route=%2Fwp%2Fv2%2Fproduct_brand&post=322"},{"taxonomy":"product_cat","embeddable":true,"href":"https:\/\/vinowacje.eu\/index.php?rest_route=%2Fwp%2Fv2%2Fproduct_cat&post=322"},{"taxonomy":"product_tag","embeddable":true,"href":"https:\/\/vinowacje.eu\/index.php?rest_route=%2Fwp%2Fv2%2Fproduct_tag&post=322"}],"curies":[{"name":"wp","href":"https:\/\/api.w.org\/{rel}","templated":true}]}}