{"id":308,"date":"2025-08-20T10:08:55","date_gmt":"2025-08-20T08:08:55","guid":{"rendered":"https:\/\/vinowacje.eu\/?post_type=product&#038;p=308"},"modified":"2025-10-02T20:09:56","modified_gmt":"2025-10-02T18:09:56","slug":"wino-i-samosa-w-indeat-torun","status":"publish","type":"product","link":"https:\/\/vinowacje.eu\/?product=wino-i-samosa-w-indeat-torun","title":{"rendered":"Wino i Samosa w Indeat, Toru\u0144. 03.10.2025"},"content":{"rendered":"<p data-start=\"125\" data-end=\"468\">Wracamy do\u00a0 zaprzyjaznionej restauracji Indieat po wi\u0119cej smak\u00f3w, zapach\u00f3w i winnych historii.<\/p>\n<p data-start=\"470\" data-end=\"727\">Podczas degustacji w restauracji Indieat w Toruniu spr\u00f3bujesz pi\u0119ciu win, kt\u00f3re zestawimy z r\u00f3\u017cnymi rodzajami samos. Do tego zaserwujemy opowie\u015bci o tym, jak szuka\u0107 idealnych po\u0142\u0105cze\u0144 smak\u00f3w i dlaczego wino potrafi tak pi\u0119knie wsp\u00f3\u0142gra\u0107 z kuchni\u0105 indyjsk\u0105.<\/p>\n<p data-start=\"470\" data-end=\"727\">Samosa to jedna z najbardziej rozpoznawalnych indyjskich przek\u0105sek \u2013 chrupi\u0105ce ciasto wype\u0142nione aromatycznym farszem, najcz\u0119\u015bciej z ziemniak\u00f3w, grochu i przypraw. W Indiach podawana jest niemal na ka\u017cdym rogu ulicy, a jej intensywny smak \u015bwietnie komponuje si\u0119 z winem, kt\u00f3re potrafi podkre\u015bli\u0107 pikantno\u015b\u0107 lub z\u0142agodzi\u0107 ostre nuty przypraw.<\/p>\n<p data-start=\"729\" data-end=\"840\">Liczba miejsc jest ograniczona \u2013 zarezerwuj swoje miejsce ju\u017c teraz.<\/p>\n<p>Spotkanie zaczynamy o godzinie 19.00 i potrwa oko\u0142o 2 godziny.<\/p>\n<p>Data: 03.10.2025<\/p>\n<p>Miejsce: Toru\u0144, Restauracja Indieat, Ma\u0142e Garbary 21<\/p>\n<p>Cena: 159,-\/os<\/p>\n<p>Serdecznie zapraszamy!<\/p>\n<p>&nbsp;<\/p>\n<p style=\"text-align: right;\">Wydarzenie tylko dla os\u00f3b pe\u0142noletnich.<\/p>\n","protected":false},"excerpt":{"rendered":"<p>Wracamy do\u00a0 zaprzyjaznionej restauracji Indieat po wi\u0119cej smak\u00f3w, zapach\u00f3w i winnych historii. Podczas degustacji w restauracji Indieat w Toruniu spr\u00f3bujesz pi\u0119ciu win, kt\u00f3re zestawimy z r\u00f3\u017cnymi rodzajami samos. Do tego zaserwujemy opowie\u015bci o tym, jak szuka\u0107 idealnych po\u0142\u0105cze\u0144 smak\u00f3w i dlaczego wino potrafi tak pi\u0119knie wsp\u00f3\u0142gra\u0107 z kuchni\u0105 indyjsk\u0105. Samosa to jedna z najbardziej rozpoznawalnych<\/p>\n<div class=\"read-more-wrapper\"><a class=\"read-more\" href=\"https:\/\/vinowacje.eu\/?product=wino-i-samosa-w-indeat-torun\" title=\"Read More\"> <span class=\"button \">Read More<\/span><\/a><\/div>\n","protected":false},"featured_media":309,"comment_status":"open","ping_status":"closed","template":"","meta":[],"product_brand":[],"product_cat":[15],"product_tag":[],"class_list":{"0":"post-308","1":"product","2":"type-product","3":"status-publish","4":"has-post-thumbnail","6":"product_cat-bez-kategorii","8":"first","9":"outofstock","10":"shipping-taxable","11":"purchasable","12":"product-type-simple"},"jetpack_sharing_enabled":true,"_links":{"self":[{"href":"https:\/\/vinowacje.eu\/index.php?rest_route=\/wp\/v2\/product\/308","targetHints":{"allow":["GET"]}}],"collection":[{"href":"https:\/\/vinowacje.eu\/index.php?rest_route=\/wp\/v2\/product"}],"about":[{"href":"https:\/\/vinowacje.eu\/index.php?rest_route=\/wp\/v2\/types\/product"}],"replies":[{"embeddable":true,"href":"https:\/\/vinowacje.eu\/index.php?rest_route=%2Fwp%2Fv2%2Fcomments&post=308"}],"wp:featuredmedia":[{"embeddable":true,"href":"https:\/\/vinowacje.eu\/index.php?rest_route=\/wp\/v2\/media\/309"}],"wp:attachment":[{"href":"https:\/\/vinowacje.eu\/index.php?rest_route=%2Fwp%2Fv2%2Fmedia&parent=308"}],"wp:term":[{"taxonomy":"product_brand","embeddable":true,"href":"https:\/\/vinowacje.eu\/index.php?rest_route=%2Fwp%2Fv2%2Fproduct_brand&post=308"},{"taxonomy":"product_cat","embeddable":true,"href":"https:\/\/vinowacje.eu\/index.php?rest_route=%2Fwp%2Fv2%2Fproduct_cat&post=308"},{"taxonomy":"product_tag","embeddable":true,"href":"https:\/\/vinowacje.eu\/index.php?rest_route=%2Fwp%2Fv2%2Fproduct_tag&post=308"}],"curies":[{"name":"wp","href":"https:\/\/api.w.org\/{rel}","templated":true}]}}