{"id":76,"date":"2025-04-17T14:31:20","date_gmt":"2025-04-17T12:31:20","guid":{"rendered":"https:\/\/vinowacje.eu\/?page_id=76"},"modified":"2025-05-30T17:52:53","modified_gmt":"2025-05-30T15:52:53","slug":"witaj-na-stronie-vinowacji","status":"publish","type":"page","link":"https:\/\/vinowacje.eu\/","title":{"rendered":"Witaj na stronie Vinowacji!"},"content":{"rendered":"<figure class=\"wp-block-image size-large\"><img loading=\"lazy\" decoding=\"async\" width=\"2560\" height=\"1439\" src=\"https:\/\/vinowacje.eu\/wp-content\/uploads\/2025\/05\/JPG-48-edited-scaled.jpg\" alt=\"\" class=\"wp-image-200\" srcset=\"https:\/\/vinowacje.eu\/wp-content\/uploads\/2025\/05\/JPG-48-edited-scaled.jpg 2560w, https:\/\/vinowacje.eu\/wp-content\/uploads\/2025\/05\/JPG-48-edited-600x337.jpg 600w, https:\/\/vinowacje.eu\/wp-content\/uploads\/2025\/05\/JPG-48-edited-300x169.jpg 300w, https:\/\/vinowacje.eu\/wp-content\/uploads\/2025\/05\/JPG-48-edited-1024x576.jpg 1024w, https:\/\/vinowacje.eu\/wp-content\/uploads\/2025\/05\/JPG-48-edited-768x432.jpg 768w, https:\/\/vinowacje.eu\/wp-content\/uploads\/2025\/05\/JPG-48-edited-1536x864.jpg 1536w, https:\/\/vinowacje.eu\/wp-content\/uploads\/2025\/05\/JPG-48-edited-2048x1151.jpg 2048w, https:\/\/vinowacje.eu\/wp-content\/uploads\/2025\/05\/JPG-48-edited-800x450.jpg 800w, https:\/\/vinowacje.eu\/wp-content\/uploads\/2025\/05\/JPG-48-edited-400x225.jpg 400w\" sizes=\"auto, (max-width: 2560px) 100vw, 2560px\" \/><\/figure><p class=\"has-text-align-center\" style=\"font-size:20px\"><em><strong><mark style=\"background-color:rgba(0, 0, 0, 0);color:#4c0927\" class=\"has-inline-color\">Ka\u017cda butelka skrywa histori\u0119, ka\u017cdy \u0142yk \u2013 nowe odkrycie. Do\u0142\u0105cz do naszej spo\u0142eczno\u015bci mi\u0142o\u015bnik\u00f3w wina i delektuj si\u0119 wyj\u0105tkowymi chwilami z najlepszymi winami.<\/mark><\/strong><\/em><\/p><p class=\"has-medium-font-size\"><br><strong>Vinowacje <\/strong>to projekt stworzony przez Nin\u0119 i Patryka \u2013 dwoje ludzi, kt\u00f3rych po\u0142\u0105czy\u0142a mi\u0142o\u015b\u0107 do siebie i do dobrego wina. Chcemy zarazi\u0107 Was nasz\u0105 pasj\u0105 przez edukacj\u0119, ciekawostki i spotkania na \u017cywo, podczas kt\u00f3rych b\u0119dziemy wsp\u00f3lnie degustowali ciekawe butelki znalezione na winiarskich szlakach naszych podr\u00f3\u017cy. Wi\u0119cej <a href=\"https:\/\/vinowacje.eu\/?page_id=206\" data-type=\"page\" data-id=\"206\">o nas<\/a> mo\u017cesz przeczyta\u0107 na naszej stronie lub obserwuj\u0105c nas na naszych social mediach. <\/p><p class=\"has-text-align-center\" style=\"font-size:20px\"><strong><em><mark style=\"background-color:rgba(0, 0, 0, 0)\" class=\"has-inline-color has-black-color\">Wino, to nie tylko alkohol. Wino to zapach, smak, kolor, czas i miejsce oraz ludzie, kt\u00f3rzy nas otaczaj\u0105.<\/mark><\/em><\/strong><\/p><div class=\"wp-block-image is-style-default\"><figure class=\"alignleft size-large is-resized\"><img loading=\"lazy\" decoding=\"async\" width=\"683\" height=\"1024\" src=\"https:\/\/vinowacje.eu\/wp-content\/uploads\/2025\/04\/JPG-100-683x1024.jpg\" alt=\"\" class=\"wp-image-72\" style=\"width:369px;height:auto\" srcset=\"https:\/\/vinowacje.eu\/wp-content\/uploads\/2025\/04\/JPG-100-683x1024.jpg 683w, https:\/\/vinowacje.eu\/wp-content\/uploads\/2025\/04\/JPG-100-600x900.jpg 600w, https:\/\/vinowacje.eu\/wp-content\/uploads\/2025\/04\/JPG-100-200x300.jpg 200w, https:\/\/vinowacje.eu\/wp-content\/uploads\/2025\/04\/JPG-100-768x1152.jpg 768w, https:\/\/vinowacje.eu\/wp-content\/uploads\/2025\/04\/JPG-100-1024x1536.jpg 1024w, https:\/\/vinowacje.eu\/wp-content\/uploads\/2025\/04\/JPG-100-1365x2048.jpg 1365w, https:\/\/vinowacje.eu\/wp-content\/uploads\/2025\/04\/JPG-100-800x1200.jpg 800w, https:\/\/vinowacje.eu\/wp-content\/uploads\/2025\/04\/JPG-100-400x600.jpg 400w, https:\/\/vinowacje.eu\/wp-content\/uploads\/2025\/04\/JPG-100-scaled.jpg 1706w\" sizes=\"auto, (max-width: 683px) 100vw, 683px\" \/><\/figure><\/div><p class=\"has-medium-font-size\"><br><strong>DEGUSTACJE NA \u017bYWO<\/strong><\/p><p class=\"has-medium-font-size\">Zapraszamy na wyj\u0105tkowe degustacje wina, podczas kt\u00f3rych odkryjesz bogactwo smak\u00f3w i aromat\u00f3w wyselekcjonowanych win z r\u00f3\u017cnych zak\u0105tk\u00f3w \u015bwiata. Sommelierzy Vinowacji poprowadz\u0105 Ci\u0119 przez fascynuj\u0105cy \u015bwiat winiarstwa, dziel\u0105c si\u0119 swoj\u0105 wiedz\u0105 i pasj\u0105. <\/p><p class=\"has-medium-font-size\">Degustacje wina na \u017cywo to doskona\u0142a okazja, aby w lu\u017anej atmosferze nauczy\u0107 si\u0119, jak ocenia\u0107 wina, dobiera\u0107 je do potraw i czerpa\u0107 pe\u0142ni\u0119 przyjemno\u015bci z ka\u017cdego kieliszka. To te\u017c super okazja \u017ceby pozna\u0107 nowych ludzi oraz nowe smaki r\u00f3\u017cnych restauracji i miejsc w kt\u00f3rych organizujemy nasze degustacje.<\/p><p class=\"has-text-align-center has-medium-font-size\"><em>Jak wygl\u0105daj\u0105 nasze degustacje i jak si\u0119 na nich przygotowa\u0107 poczytaj w zak\u0142adce <a href=\"https:\/\/vinowacje.eu\/?page_id=213\" data-type=\"page\" data-id=\"213\">o naszych degustacjach<\/a>. <\/em><\/p><p class=\"has-medium-font-size\"><mark style=\"background-color:rgba(0, 0, 0, 0);color:#4c0927\" class=\"has-inline-color\">Regularnie organizujemy degustacje wina w r\u00f3\u017cnych punktach gastronomicznych w Toruniu i Bydgoszczy. Sprawd\u017a nasz <a href=\"https:\/\/vinowacje.eu\/?page_id=229\" data-type=\"page\" data-id=\"229\" target=\"_blank\" rel=\"noreferrer noopener\">kalendarz degustacji<\/a> i zarezerwuj swoje miejsce.<\/mark><\/p><div class=\"wp-block-image\"><figure class=\"alignright size-large is-resized\"><img loading=\"lazy\" decoding=\"async\" width=\"683\" height=\"1024\" src=\"https:\/\/vinowacje.eu\/wp-content\/uploads\/2025\/04\/JPG-98-683x1024.jpg\" alt=\"\" class=\"wp-image-74\" style=\"width:362px;height:auto\" srcset=\"https:\/\/vinowacje.eu\/wp-content\/uploads\/2025\/04\/JPG-98-683x1024.jpg 683w, https:\/\/vinowacje.eu\/wp-content\/uploads\/2025\/04\/JPG-98-600x900.jpg 600w, https:\/\/vinowacje.eu\/wp-content\/uploads\/2025\/04\/JPG-98-200x300.jpg 200w, https:\/\/vinowacje.eu\/wp-content\/uploads\/2025\/04\/JPG-98-768x1152.jpg 768w, https:\/\/vinowacje.eu\/wp-content\/uploads\/2025\/04\/JPG-98-1024x1536.jpg 1024w, https:\/\/vinowacje.eu\/wp-content\/uploads\/2025\/04\/JPG-98-1365x2048.jpg 1365w, https:\/\/vinowacje.eu\/wp-content\/uploads\/2025\/04\/JPG-98-800x1200.jpg 800w, https:\/\/vinowacje.eu\/wp-content\/uploads\/2025\/04\/JPG-98-400x600.jpg 400w, https:\/\/vinowacje.eu\/wp-content\/uploads\/2025\/04\/JPG-98-scaled.jpg 1706w\" sizes=\"auto, (max-width: 683px) 100vw, 683px\" \/><\/figure><\/div><p class=\"has-text-align-left has-medium-font-size\"><strong>SZKOLENIA DLA GASTRONOMII<\/strong><\/p><p class=\"has-text-align-left has-medium-font-size\">Oferujemy kompleksowe szkolenie dla gastronomii, kt\u00f3re pomo\u017ce podnie\u015b\u0107 umiej\u0119tno\u015bci wiedzy o winie ca\u0142ego zespo\u0142u. Nasze programy szkoleniowe s\u0105 skierowane do mened\u017cer\u00f3w i personelu, obejmuj\u0105c teoretyczn\u0105 wiedz\u0119 o winie, oraz praktyczn\u0105 &#8211; sprzeda\u017c win i serwis. Uczestnicy naszych szkole\u0144 zdobywaj\u0105 praktyczne umiej\u0119tno\u015bci, kt\u00f3re umo\u017cliwi\u0105 im doskona\u0142\u0105 obs\u0142ug\u0119 go\u015bci i efektywne doradzenie w zakresie wyboru win. Oferujemy pomoc w tworzeniu spersonalizowanej karty win, dostosowanej do charakteru lokalu i preferencji klient\u00f3w.<\/p><p class=\"has-text-align-left has-medium-font-size\">Wi\u0119cej informacji mo\u017cna znale\u015b\u0107 w zak\u0142adce<strong> <a href=\"https:\/\/vinowacje.eu\/?page_id=208\" data-type=\"page\" data-id=\"208\">Oferta dla gastronomii<\/a>.<\/strong><\/p><p><\/p><p style=\"font-size:18px\"><mark style=\"background-color:rgba(0, 0, 0, 0);color:#4c0927\" class=\"has-inline-color\"><em>Winn\u0105 codzienno\u015b\u0107 mo\u017cesz sprawdza\u0107 na naszych mediach spo\u0142eczno\u015bciowych &#8211; <a href=\"https:\/\/www.facebook.com\/p\/Vinowacje-100077293886899\/\" target=\"_blank\" rel=\"noreferrer noopener\">Facebooku<\/a> i <a href=\"https:\/\/www.instagram.com\/vinowacje\/\">Instagramie<\/a>.<\/em><\/mark> <mark style=\"background-color:rgba(0, 0, 0, 0);color:#4c0927\" class=\"has-inline-color\"><em>Chcesz podzieli\u0107 si\u0119 swoj\u0105 wiedz\u0105 z innymi &#8211; do\u0142\u0105cz do naszej spo\u0142eczno\u015bci <a href=\"https:\/\/www.facebook.com\/groups\/620616837504088\">Vinowacje Supper Club<\/a>.<\/em><\/mark><\/p><div class=\"wp-block-image\"><figure class=\"aligncenter size-large is-resized\"><img loading=\"lazy\" decoding=\"async\" width=\"1024\" height=\"369\" src=\"https:\/\/vinowacje.eu\/wp-content\/uploads\/2025\/04\/WWW-naglowek-1-1024x369.png\" alt=\"Vinowacje\" class=\"wp-image-82\" style=\"width:719px;height:auto\" srcset=\"https:\/\/vinowacje.eu\/wp-content\/uploads\/2025\/04\/WWW-naglowek-1-1024x369.png 1024w, https:\/\/vinowacje.eu\/wp-content\/uploads\/2025\/04\/WWW-naglowek-1-600x216.png 600w, https:\/\/vinowacje.eu\/wp-content\/uploads\/2025\/04\/WWW-naglowek-1-300x108.png 300w, https:\/\/vinowacje.eu\/wp-content\/uploads\/2025\/04\/WWW-naglowek-1-768x277.png 768w, https:\/\/vinowacje.eu\/wp-content\/uploads\/2025\/04\/WWW-naglowek-1-1536x554.png 1536w, https:\/\/vinowacje.eu\/wp-content\/uploads\/2025\/04\/WWW-naglowek-1-800x288.png 800w, https:\/\/vinowacje.eu\/wp-content\/uploads\/2025\/04\/WWW-naglowek-1-400x144.png 400w, https:\/\/vinowacje.eu\/wp-content\/uploads\/2025\/04\/WWW-naglowek-1.png 1920w\" sizes=\"auto, (max-width: 1024px) 100vw, 1024px\" \/><\/figure><\/div><p><\/p>","protected":false},"excerpt":{"rendered":"<p>Ka\u017cda butelka skrywa histori\u0119, ka\u017cdy \u0142yk \u2013 nowe odkrycie. Do\u0142\u0105cz do naszej spo\u0142eczno\u015bci mi\u0142o\u015bnik\u00f3w wina i delektuj si\u0119 wyj\u0105tkowymi chwilami z najlepszymi winami. Vinowacje to projekt stworzony przez Nin\u0119 i Patryka \u2013 dwoje ludzi, kt\u00f3rych po\u0142\u0105czy\u0142a mi\u0142o\u015b\u0107 do siebie i do dobrego wina. Chcemy zarazi\u0107 Was nasz\u0105 pasj\u0105 przez edukacj\u0119, ciekawostki i spotkania na \u017cywo,<\/p>\n<div class=\"read-more-wrapper\"><a class=\"read-more\" href=\"https:\/\/vinowacje.eu\/\" title=\"Read More\"> <span class=\"button \">Read More<\/span><\/a><\/div>\n","protected":false},"author":1,"featured_media":77,"parent":0,"menu_order":0,"comment_status":"closed","ping_status":"closed","template":"","meta":{"footnotes":""},"class_list":["post-76","page","type-page","status-publish","has-post-thumbnail","hentry"],"jetpack_sharing_enabled":true,"_links":{"self":[{"href":"https:\/\/vinowacje.eu\/index.php?rest_route=\/wp\/v2\/pages\/76","targetHints":{"allow":["GET"]}}],"collection":[{"href":"https:\/\/vinowacje.eu\/index.php?rest_route=\/wp\/v2\/pages"}],"about":[{"href":"https:\/\/vinowacje.eu\/index.php?rest_route=\/wp\/v2\/types\/page"}],"author":[{"embeddable":true,"href":"https:\/\/vinowacje.eu\/index.php?rest_route=\/wp\/v2\/users\/1"}],"replies":[{"embeddable":true,"href":"https:\/\/vinowacje.eu\/index.php?rest_route=%2Fwp%2Fv2%2Fcomments&post=76"}],"version-history":[{"count":13,"href":"https:\/\/vinowacje.eu\/index.php?rest_route=\/wp\/v2\/pages\/76\/revisions"}],"predecessor-version":[{"id":242,"href":"https:\/\/vinowacje.eu\/index.php?rest_route=\/wp\/v2\/pages\/76\/revisions\/242"}],"wp:featuredmedia":[{"embeddable":true,"href":"https:\/\/vinowacje.eu\/index.php?rest_route=\/wp\/v2\/media\/77"}],"wp:attachment":[{"href":"https:\/\/vinowacje.eu\/index.php?rest_route=%2Fwp%2Fv2%2Fmedia&parent=76"}],"curies":[{"name":"wp","href":"https:\/\/api.w.org\/{rel}","templated":true}]}}