{"id":213,"date":"2025-05-29T15:50:55","date_gmt":"2025-05-29T13:50:55","guid":{"rendered":"https:\/\/vinowacje.eu\/?page_id=213"},"modified":"2025-06-24T13:00:16","modified_gmt":"2025-06-24T11:00:16","slug":"o-degustacjach","status":"publish","type":"page","link":"https:\/\/vinowacje.eu\/?page_id=213","title":{"rendered":"Nasze degustacje"},"content":{"rendered":"<div class=\"wp-block-image\"><figure class=\"aligncenter size-large\"><img loading=\"lazy\" decoding=\"async\" width=\"1024\" height=\"576\" src=\"https:\/\/vinowacje.eu\/wp-content\/uploads\/2025\/05\/JPG-48-edited-1024x576.jpg\" alt=\"\" class=\"wp-image-200\" srcset=\"https:\/\/vinowacje.eu\/wp-content\/uploads\/2025\/05\/JPG-48-edited-1024x576.jpg 1024w, https:\/\/vinowacje.eu\/wp-content\/uploads\/2025\/05\/JPG-48-edited-600x337.jpg 600w, https:\/\/vinowacje.eu\/wp-content\/uploads\/2025\/05\/JPG-48-edited-300x169.jpg 300w, https:\/\/vinowacje.eu\/wp-content\/uploads\/2025\/05\/JPG-48-edited-768x432.jpg 768w, https:\/\/vinowacje.eu\/wp-content\/uploads\/2025\/05\/JPG-48-edited-1536x864.jpg 1536w, https:\/\/vinowacje.eu\/wp-content\/uploads\/2025\/05\/JPG-48-edited-2048x1151.jpg 2048w, https:\/\/vinowacje.eu\/wp-content\/uploads\/2025\/05\/JPG-48-edited-800x450.jpg 800w, https:\/\/vinowacje.eu\/wp-content\/uploads\/2025\/05\/JPG-48-edited-400x225.jpg 400w\" sizes=\"auto, (max-width: 1024px) 100vw, 1024px\" \/><\/figure><\/div><p><strong><em>Jak degustowa\u0107 z Vinowacjami?<\/em><\/strong><\/p><ul class=\"wp-block-list\"><li><strong>Przygotuj dobry humor <\/strong>&#8211; Na naszych degustacjach jest zawsze weso\u0142o.<\/li>\n\n<li><strong>Nie musisz by\u0107 znawc\u0105 wina<\/strong> &#8211; Wszystko Ci opowiemy i poka\u017cemy jak cieszy\u0107 si\u0119 ka\u017cdym kieliszkiem.<\/li>\n\n<li><strong>Je\u017celi masz wiedz\u0119 o winie, \u015bwietnie trafi\u0142e\u015b. &#8211; <\/strong>U nas odkryjesz nowe wina, pog\u0142\u0119bisz wiedz\u0119 i nauczymy si\u0119 czego\u015b od siebie nawzajem.<\/li><\/ul><div class=\"wp-block-image is-style-default\"><figure class=\"alignright size-large is-resized\"><img loading=\"lazy\" decoding=\"async\" width=\"683\" height=\"1024\" src=\"https:\/\/vinowacje.eu\/wp-content\/uploads\/2025\/04\/JPG-23-683x1024.jpg\" alt=\"\" class=\"wp-image-174\" style=\"width:359px;height:auto\" srcset=\"https:\/\/vinowacje.eu\/wp-content\/uploads\/2025\/04\/JPG-23-683x1024.jpg 683w, https:\/\/vinowacje.eu\/wp-content\/uploads\/2025\/04\/JPG-23-600x900.jpg 600w, https:\/\/vinowacje.eu\/wp-content\/uploads\/2025\/04\/JPG-23-200x300.jpg 200w, https:\/\/vinowacje.eu\/wp-content\/uploads\/2025\/04\/JPG-23-768x1152.jpg 768w, https:\/\/vinowacje.eu\/wp-content\/uploads\/2025\/04\/JPG-23-1024x1536.jpg 1024w, https:\/\/vinowacje.eu\/wp-content\/uploads\/2025\/04\/JPG-23-1365x2048.jpg 1365w, https:\/\/vinowacje.eu\/wp-content\/uploads\/2025\/04\/JPG-23-800x1200.jpg 800w, https:\/\/vinowacje.eu\/wp-content\/uploads\/2025\/04\/JPG-23-400x600.jpg 400w, https:\/\/vinowacje.eu\/wp-content\/uploads\/2025\/04\/JPG-23-scaled.jpg 1706w\" sizes=\"auto, (max-width: 683px) 100vw, 683px\" \/><\/figure><\/div><p><br><em><strong>Jak wygl\u0105daj\u0105 nasze degustacje? <\/strong><\/em><\/p><ul class=\"wp-block-list\"><li>Spotykamy si\u0119 w ma\u0142ym gronie.<\/li>\n\n<li>Otwieramy butelki dobrego wina. <\/li>\n\n<li>Wy degustujecie, a my opowiadamy<br> histori\u0119 ka\u017cdej butelki.<\/li>\n\n<li>Przy okazji pr\u00f3bujecie wy\u015bmienitej <br>kuchni z miejsca, kt\u00f3re nas go\u015bci.<\/li>\n\n<li>Wy pytacie, my odpowiadamy.<\/li><\/ul><p><strong><em>Od czego zale\u017cy temat degustacji?<\/em><\/strong><\/p><ul class=\"wp-block-list\"><li>Od miejsca, w kt\u00f3rym si\u0119 spotykamy.<\/li>\n\n<li>Od kuchni w danym miejscu.<\/li>\n\n<li>Od list\u0119 win, kt\u00f3re \u0142\u0105czymy z jedzeniem. <\/li>\n\n<li>Od stylu win, kt\u00f3re przywozimy z naszych winiarskich podr\u00f3\u017cy.<\/li>\n\n<li>Od kraju pochodzenia butelek.<\/li>\n\n<li>Od pomys\u0142\u00f3w i sugestii, kt\u00f3re dostajemy od Was.<\/li>\n\n<li>Od inspiracji, kt\u00f3re cz\u0119sto wpadaj\u0105 nam do g\u0142owy albo wychodz\u0105 podczas rozm\u00f3w.<\/li><\/ul><p><\/p><p><em><strong>Od czego zale\u017cy koszt degustacji?<\/strong><\/em><\/p><ul class=\"wp-block-list\"><li>Od koszt\u00f3w jedzenia w miejscu, w kt\u00f3rym si\u0119 spotykamy bo chcemy, \u017ceby naszym winom towarzyszy\u0142o super jedzenie.<\/li>\n\n<li>Od kosztu wina, kt\u00f3re pr\u00f3bujecie bo nasze wina przewa\u017cnie pochodz\u0105 od ma\u0142ych producent\u00f3w, kt\u00f3rzy skupiaj\u0105 si\u0119 na jako\u015bci.<\/li>\n\n<li>Od czasu, kt\u00f3ry po\u015bwi\u0119camy na przygotowanie i poprowadzenie degustacji.<\/li><\/ul><p><\/p><ul class=\"wp-block-list\"><\/ul><div class=\"wp-block-image\"><figure class=\"aligncenter size-large\"><img loading=\"lazy\" decoding=\"async\" width=\"1024\" height=\"683\" src=\"https:\/\/vinowacje.eu\/wp-content\/uploads\/2025\/04\/JPG-46-1024x683.jpg\" alt=\"\" class=\"wp-image-151\" srcset=\"https:\/\/vinowacje.eu\/wp-content\/uploads\/2025\/04\/JPG-46-1024x683.jpg 1024w, https:\/\/vinowacje.eu\/wp-content\/uploads\/2025\/04\/JPG-46-600x400.jpg 600w, https:\/\/vinowacje.eu\/wp-content\/uploads\/2025\/04\/JPG-46-300x200.jpg 300w, https:\/\/vinowacje.eu\/wp-content\/uploads\/2025\/04\/JPG-46-768x512.jpg 768w, https:\/\/vinowacje.eu\/wp-content\/uploads\/2025\/04\/JPG-46-1536x1024.jpg 1536w, https:\/\/vinowacje.eu\/wp-content\/uploads\/2025\/04\/JPG-46-2048x1365.jpg 2048w, https:\/\/vinowacje.eu\/wp-content\/uploads\/2025\/04\/JPG-46-800x533.jpg 800w, https:\/\/vinowacje.eu\/wp-content\/uploads\/2025\/04\/JPG-46-400x267.jpg 400w\" sizes=\"auto, (max-width: 1024px) 100vw, 1024px\" \/><\/figure><\/div>","protected":false},"excerpt":{"rendered":"<p>Jak degustowa\u0107 z Vinowacjami? Jak wygl\u0105daj\u0105 nasze degustacje? Od czego zale\u017cy temat degustacji? Od czego zale\u017cy koszt degustacji?<\/p>\n<div class=\"read-more-wrapper\"><a class=\"read-more\" href=\"https:\/\/vinowacje.eu\/?page_id=213\" title=\"Read More\"> <span class=\"button \">Read More<\/span><\/a><\/div>\n","protected":false},"author":1,"featured_media":0,"parent":0,"menu_order":0,"comment_status":"closed","ping_status":"closed","template":"","meta":{"footnotes":""},"class_list":["post-213","page","type-page","status-publish","hentry"],"jetpack_sharing_enabled":true,"_links":{"self":[{"href":"https:\/\/vinowacje.eu\/index.php?rest_route=\/wp\/v2\/pages\/213","targetHints":{"allow":["GET"]}}],"collection":[{"href":"https:\/\/vinowacje.eu\/index.php?rest_route=\/wp\/v2\/pages"}],"about":[{"href":"https:\/\/vinowacje.eu\/index.php?rest_route=\/wp\/v2\/types\/page"}],"author":[{"embeddable":true,"href":"https:\/\/vinowacje.eu\/index.php?rest_route=\/wp\/v2\/users\/1"}],"replies":[{"embeddable":true,"href":"https:\/\/vinowacje.eu\/index.php?rest_route=%2Fwp%2Fv2%2Fcomments&post=213"}],"version-history":[{"count":6,"href":"https:\/\/vinowacje.eu\/index.php?rest_route=\/wp\/v2\/pages\/213\/revisions"}],"predecessor-version":[{"id":236,"href":"https:\/\/vinowacje.eu\/index.php?rest_route=\/wp\/v2\/pages\/213\/revisions\/236"}],"wp:attachment":[{"href":"https:\/\/vinowacje.eu\/index.php?rest_route=%2Fwp%2Fv2%2Fmedia&parent=213"}],"curies":[{"name":"wp","href":"https:\/\/api.w.org\/{rel}","templated":true}]}}