{"id":208,"date":"2025-05-06T14:20:54","date_gmt":"2025-05-06T12:20:54","guid":{"rendered":"https:\/\/vinowacje.eu\/?page_id=208"},"modified":"2025-05-06T14:20:57","modified_gmt":"2025-05-06T12:20:57","slug":"oferta-dla-gastronomii","status":"publish","type":"page","link":"https:\/\/vinowacje.eu\/?page_id=208","title":{"rendered":"Oferta dla gastronomii"},"content":{"rendered":"<p>Prowadzisz bar, restauracje lub hotel i chcesz w swojej ofercie mie\u0107 kart\u0119 win dostosowan\u0105 do twojego biznesu? <\/p><div class=\"wp-block-image is-style-rounded\"><figure class=\"alignleft size-large is-resized\"><img decoding=\"async\" src=\"https:\/\/serwer257972.lh.pl\/autoinstalator\/serwer257972.lh.pl\/wordpress55029\/wp-content\/uploads\/2024\/08\/JPG-91-683x1024.jpg\" alt=\"\" class=\"wp-image-69\" style=\"width:384px;height:auto\"\/><\/figure><\/div><blockquote class=\"wp-block-quote is-layout-flow wp-block-quote-is-layout-flow\"><blockquote class=\"wp-block-quote is-layout-flow wp-block-quote-is-layout-flow\"><\/blockquote><\/blockquote><p><\/p><p>Specjalizujemy si\u0119 w winach wyprodukowanych w ma\u0142ych rodzinnych winnicach, winach naturalnych, ekologicznych i biodynamicznych szczeg\u00f3lnie z Chorwacji, S\u0142owenii, Austrii, S\u0142owacji, Niemiec, Polski i Czech.<\/p><p>Podchodzimy do wina z pasj\u0105 i pe\u0142nym profesjonalizmem. Wsp\u00f3\u0142prac\u0105 z nami mo\u017cesz oczekiwa\u0107 wsparcie i edukacje. Opr\u00f3cz edukacji za\u0142ogi, szkolimy te\u017c twoich go\u015bci poprzez zorganizowane degustacje wina w twoim lokalu. Wi\u0119cej o degustacjach organizowanych dla twoich go\u015bci przeczytasz w zak\u0142adce <a href=\"https:\/\/vinowacje.eu\/?page_id=206\" data-type=\"page\" data-id=\"206\">Degustacje<\/a>.<\/p><p><\/p><p><\/p><p>Skontaktuj si\u0119 z nami. Ka\u017cd\u0105 ofert\u0119 tworzymy indywidualnie.<\/p><ul class=\"wp-block-list\"><li>Wybierzemy dla Ciebie najlepsze wina z Starego i Nowego \u015awiata. <\/li>\n\n<li>U\u0142o\u017cymy dla Ciebie kart\u0119 win pod klimat miejsca oraz menu. <\/li>\n\n<li>Doradzimy jakie wino podawa\u0107 do jedzenia. <\/li>\n\n<li>Doradzimy jak serwowa\u0107 wino i w czym.<\/li>\n\n<li>Przeszkolimy ca\u0142\u0105 za\u0142og\u0119 o winach, serwisie i sprzeda\u017cy.<\/li><\/ul><p><\/p>","protected":false},"excerpt":{"rendered":"<p>Prowadzisz bar, restauracje lub hotel i chcesz w swojej ofercie mie\u0107 kart\u0119 win dostosowan\u0105 do twojego biznesu? Specjalizujemy si\u0119 w winach wyprodukowanych w ma\u0142ych rodzinnych winnicach, winach naturalnych, ekologicznych i biodynamicznych szczeg\u00f3lnie z Chorwacji, S\u0142owenii, Austrii, S\u0142owacji, Niemiec, Polski i Czech. Podchodzimy do wina z pasj\u0105 i pe\u0142nym profesjonalizmem. Wsp\u00f3\u0142prac\u0105 z nami mo\u017cesz oczekiwa\u0107 wsparcie<\/p>\n<div class=\"read-more-wrapper\"><a class=\"read-more\" href=\"https:\/\/vinowacje.eu\/?page_id=208\" title=\"Read More\"> <span class=\"button \">Read More<\/span><\/a><\/div>\n","protected":false},"author":1,"featured_media":0,"parent":0,"menu_order":0,"comment_status":"closed","ping_status":"closed","template":"","meta":{"footnotes":""},"class_list":["post-208","page","type-page","status-publish","hentry"],"jetpack_sharing_enabled":true,"_links":{"self":[{"href":"https:\/\/vinowacje.eu\/index.php?rest_route=\/wp\/v2\/pages\/208","targetHints":{"allow":["GET"]}}],"collection":[{"href":"https:\/\/vinowacje.eu\/index.php?rest_route=\/wp\/v2\/pages"}],"about":[{"href":"https:\/\/vinowacje.eu\/index.php?rest_route=\/wp\/v2\/types\/page"}],"author":[{"embeddable":true,"href":"https:\/\/vinowacje.eu\/index.php?rest_route=\/wp\/v2\/users\/1"}],"replies":[{"embeddable":true,"href":"https:\/\/vinowacje.eu\/index.php?rest_route=%2Fwp%2Fv2%2Fcomments&post=208"}],"version-history":[{"count":1,"href":"https:\/\/vinowacje.eu\/index.php?rest_route=\/wp\/v2\/pages\/208\/revisions"}],"predecessor-version":[{"id":209,"href":"https:\/\/vinowacje.eu\/index.php?rest_route=\/wp\/v2\/pages\/208\/revisions\/209"}],"wp:attachment":[{"href":"https:\/\/vinowacje.eu\/index.php?rest_route=%2Fwp%2Fv2%2Fmedia&parent=208"}],"curies":[{"name":"wp","href":"https:\/\/api.w.org\/{rel}","templated":true}]}}