{"id":206,"date":"2025-05-06T14:11:50","date_gmt":"2025-05-06T12:11:50","guid":{"rendered":"https:\/\/vinowacje.eu\/?page_id=206"},"modified":"2025-05-06T14:11:52","modified_gmt":"2025-05-06T12:11:52","slug":"o-nas","status":"publish","type":"page","link":"https:\/\/vinowacje.eu\/?page_id=206","title":{"rendered":"O nas"},"content":{"rendered":"<p><strong>Vinowacje<\/strong> &#8211; to projekt ma\u0142\u017ce\u0144ski Niny Rapo-Wierzcho\u0144 i Patryka Wierzchonia, sommelierki i winiarza kt\u00f3rych po\u0142\u0105czy\u0142a wsp\u00f3lna mi\u0142o\u015b\u0107 do wina. Od lat zwi\u0105zani z bran\u017c\u0105 winiarsk\u0105, opowiadaj\u0105 o winie prowadz\u0105c komentowane degustacje i warsztaty oraz tworz\u0105 w\u0142asne wina prowadz\u0105c rodzinn\u0105 winnic\u0119 Pod Pr\u0105d. Nina jako rodowita Chorwatka m\u00f3wi, \u017ce wino p\u0142ynie jej w \u017cy\u0142ach, a Patryk poznawa\u0142 tajniki winiarstwa w Hiszpanii i Austrii. Wsp\u00f3lnie podr\u00f3\u017cuj\u0105 po krajach winiarskich zbieraj\u0105c do\u015bwiadczenia i historie, kt\u00f3re opowiadaj\u0105 podczas degustacji. Lubi\u0105 zam\u0119cza\u0107 przyjaci\u00f3\u0142 historiami o winie.\u00a0\u00a0<\/p><figure class=\"wp-block-image size-large\"><img loading=\"lazy\" decoding=\"async\" width=\"1024\" height=\"683\" src=\"https:\/\/vinowacje.eu\/wp-content\/uploads\/2025\/04\/JPG-19-1024x683.jpg\" alt=\"\" class=\"wp-image-178\" srcset=\"https:\/\/vinowacje.eu\/wp-content\/uploads\/2025\/04\/JPG-19-1024x683.jpg 1024w, https:\/\/vinowacje.eu\/wp-content\/uploads\/2025\/04\/JPG-19-600x400.jpg 600w, https:\/\/vinowacje.eu\/wp-content\/uploads\/2025\/04\/JPG-19-300x200.jpg 300w, https:\/\/vinowacje.eu\/wp-content\/uploads\/2025\/04\/JPG-19-768x512.jpg 768w, https:\/\/vinowacje.eu\/wp-content\/uploads\/2025\/04\/JPG-19-1536x1024.jpg 1536w, https:\/\/vinowacje.eu\/wp-content\/uploads\/2025\/04\/JPG-19-2048x1365.jpg 2048w, https:\/\/vinowacje.eu\/wp-content\/uploads\/2025\/04\/JPG-19-800x533.jpg 800w, https:\/\/vinowacje.eu\/wp-content\/uploads\/2025\/04\/JPG-19-400x267.jpg 400w\" sizes=\"auto, (max-width: 1024px) 100vw, 1024px\" \/><\/figure><p>Wiedz\u0119 i do\u015bwiadczenie zdobywali na studiach, r\u00f3\u017cnych szkoleniach winiarskich miedzy innymi <strong>WSET<\/strong> i <strong>Capstone California<\/strong> oraz bran\u017cowych degustacjach i masterclassach.<br><\/p>","protected":false},"excerpt":{"rendered":"<p>Vinowacje &#8211; to projekt ma\u0142\u017ce\u0144ski Niny Rapo-Wierzcho\u0144 i Patryka Wierzchonia, sommelierki i winiarza kt\u00f3rych po\u0142\u0105czy\u0142a wsp\u00f3lna mi\u0142o\u015b\u0107 do wina. Od lat zwi\u0105zani z bran\u017c\u0105 winiarsk\u0105, opowiadaj\u0105 o winie prowadz\u0105c komentowane degustacje i warsztaty oraz tworz\u0105 w\u0142asne wina prowadz\u0105c rodzinn\u0105 winnic\u0119 Pod Pr\u0105d. Nina jako rodowita Chorwatka m\u00f3wi, \u017ce wino p\u0142ynie jej w \u017cy\u0142ach, a Patryk<\/p>\n<div class=\"read-more-wrapper\"><a class=\"read-more\" href=\"https:\/\/vinowacje.eu\/?page_id=206\" title=\"Read More\"> <span class=\"button \">Read More<\/span><\/a><\/div>\n","protected":false},"author":1,"featured_media":0,"parent":0,"menu_order":0,"comment_status":"closed","ping_status":"closed","template":"","meta":{"footnotes":""},"class_list":["post-206","page","type-page","status-publish","hentry"],"jetpack_sharing_enabled":true,"_links":{"self":[{"href":"https:\/\/vinowacje.eu\/index.php?rest_route=\/wp\/v2\/pages\/206","targetHints":{"allow":["GET"]}}],"collection":[{"href":"https:\/\/vinowacje.eu\/index.php?rest_route=\/wp\/v2\/pages"}],"about":[{"href":"https:\/\/vinowacje.eu\/index.php?rest_route=\/wp\/v2\/types\/page"}],"author":[{"embeddable":true,"href":"https:\/\/vinowacje.eu\/index.php?rest_route=\/wp\/v2\/users\/1"}],"replies":[{"embeddable":true,"href":"https:\/\/vinowacje.eu\/index.php?rest_route=%2Fwp%2Fv2%2Fcomments&post=206"}],"version-history":[{"count":1,"href":"https:\/\/vinowacje.eu\/index.php?rest_route=\/wp\/v2\/pages\/206\/revisions"}],"predecessor-version":[{"id":207,"href":"https:\/\/vinowacje.eu\/index.php?rest_route=\/wp\/v2\/pages\/206\/revisions\/207"}],"wp:attachment":[{"href":"https:\/\/vinowacje.eu\/index.php?rest_route=%2Fwp%2Fv2%2Fmedia&parent=206"}],"curies":[{"name":"wp","href":"https:\/\/api.w.org\/{rel}","templated":true}]}}